{"id":725,"date":"2025-04-05T16:52:41","date_gmt":"2025-04-05T15:52:41","guid":{"rendered":"https:\/\/hordnesvel.no\/wordpress\/?page_id=725"},"modified":"2026-02-15T09:59:42","modified_gmt":"2026-02-15T08:59:42","slug":"vedtekter","status":"publish","type":"page","link":"https:\/\/hordnesvel.no\/wordpress\/?page_id=725","title":{"rendered":"Vedtekter"},"content":{"rendered":"\n<p>\u00a7 1 NAVN<br>Foreningens navn er Hordnes Vel og den har sitt sete p\u00e5 Hordnes i Fana. Foreningens stiftelsesdato er 15. september 1977. Foreningen er registrert i Enhetsregisteret og Frivillighetsregisteret med Org nr. 997 385 179. Styreleder er ansvarlig for administrasjon av oppf\u00f8ringen.<\/p>\n\n\n\n<p>\u00a7 2 FORM\u00c5L<br>Foreningens form\u00e5l er \u00e5 gj\u00f8re Hordnes til et trivelig sted for de som er bosatt der, ved \u00e5 ivareta medlemmenes fellesinteresser og \u00e5 arbeide for \u00e5 bevare et godt milj\u00f8. Foreningen m\u00e5 v\u00e6re partipolitisk n\u00f8ytral.<\/p>\n\n\n\n<p>\u00a7 3 MEDLEMSSKAP<br>Som medlem kan opptas alle som naturlig sokner til eller har fast eiendom p\u00e5 Hordnes.<\/p>\n\n\n\n<p>\u00a7 \u00a7 5 \u00c5RSM\u00d8TET<br>\u2022 \u00c5rsm\u00f8tet er foreningens h\u00f8yeste myndighet og holdes hvert \u00e5r innen utgangen av april m\u00e5ned. Innkalling til \u00e5rsm\u00f8te skjer ved oppslag p\u00e5 hjemmesiden og plakat i Hordnesveien, med 14 dagers varsel. Saker som skal behandles p\u00e5 \u00e5rsm\u00f8tet legges ut sammen med innkallelsen.<br>\u2022 \u00c5rsm\u00f8tet behandler f\u00f8lgende; \u00c5rsmelding, Regnskap, Kontingent og budsjett, Innkomne forslag, Valg og Eventuelt.<br>\u2022 Forslag som \u00f8nskes behandlet p\u00e5 \u00e5rsm\u00f8tet m\u00e5 v\u00e6re kommet til styret innen utgangen av februar m\u00e5ned.<br>\u2022 P\u00e5 \u00e5rsm\u00f8tet har hvert medlem over 15 \u00e5r 1 stemme. Styrets medlemmer har ikke stemmerett ved behandling av \u00e5rsmelding og regnskap.<br>\u2022 \u00c5rsm\u00f8tet ledes av foreningens leder, eller den styret utpeker.<br>\u2022 Ekstraordin\u00e6rt \u00e5rsm\u00f8te kan innkalles av styret eller n\u00e5r minst 1\/5 av medlemmene \u00f8nsker det. Innkalling skjer som til vanlig \u00e5rsm\u00f8te.<\/p>\n\n\n\n<p>\u00a7 6 STYRET OG FULLMAKTER<br>Den daglige virksomhet ledes av et styre p\u00e5 5 medlemmer. Styret velges p\u00e5 \u00e5rsm\u00f8tet.<br>\u2022 Styrets medlemmer velges for 2 \u00e5r av gangen.<br>\u2022 Leder velges for 1 \u00e5r om gangen.<br>\u2022 Velforeningens signatur innehas av styreleder og to styremedlemmer i fellesskap. Det skal foreligge styrevedtak for hvert \u00e5r p\u00e5 hvilke styremedlemmer som innehar signatur i sammen med styreleder.<br>\u2022 Styret er beslutningsdyktig n\u00e5r 3 av medlemmene er til stede. Styrem\u00f8te innkalles av leder eller n\u00e5r minst 2 av styremedlemmene \u00f8nsker det. Det f\u00f8res protokoll over styrem\u00f8tene.<\/p>\n\n\n\n<p>\u00a7 7 MEDLEMSM\u00d8TER<br>Medlemsm\u00f8ter holdes n\u00e5r styret bestemmer det eller n\u00e5r minst 20 medlemmer \u00f8nsker det. Medlemsm\u00f8te holdes minst 1 gang om \u00e5ret. Medlemsm\u00f8tet kan ikke behandle saker som tilligger \u00e5rsm\u00f8tet eller gj\u00f8r vedtak som er i strid med vedtak gjort p\u00e5 \u00e5rsm\u00f8tet.<\/p>\n\n\n\n<p>\u00a7 8 REVISJON<br>\u00c5rsm\u00f8tet velger 2 revisorer til \u00e5 revidere foreningens regnskap. Revisorene velges for to \u00e5r av gangen<\/p>\n\n\n\n<p>\u00a7 9 VALGKOMITE<br>Styret har jobben med \u00e5 finne nye medlemmer til Styret og til Aktivitetskomiteen.<\/p>\n\n\n\n<p>\u00a7 10 FORANDRING AV VEDTEKTENE<br>Forandring av vedtektene kan kun finne sted p\u00e5 vanlig \u00e5rsm\u00f8te og krever 2\/3 flertall av de framm\u00f8tte stemmeberettigede.<\/p>\n\n\n\n<p>\u00a7 11 OPPL\u00d8SNING<br>Oppl\u00f8sning av foreningen kan kun vedtas av \u00e5rsm\u00f8tet og behandles p\u00e5 samme m\u00e5te som forandring av vedtektene. Blir oppl\u00f8sning vedtatt, skal evt. Midler overf\u00f8res til et form\u00e5l som \u00e5rsm\u00f8tet vedtar. Det forutsettes at dette form\u00e5l er til gagn for Hordnes-bygden.<\/p>\n\n\n\n<p>Sist endret 10\/4-2025<\/p>\n","protected":false},"excerpt":{"rendered":"<p>\u00a7 1 NAVNForeningens navn er Hordnes Vel og den har sitt sete p\u00e5 Hordnes i Fana. Foreningens stiftelsesdato er 15. september 1977. Foreningen er registrert i Enhetsregisteret og Frivillighetsregisteret med Org nr. 997 385 179. Styreleder er ansvarlig for administrasjon av oppf\u00f8ringen. \u00a7 2 FORM\u00c5LForeningens form\u00e5l er \u00e5 gj\u00f8re Hordnes til et trivelig sted for [&hellip;]<\/p>\n","protected":false},"author":9,"featured_media":0,"parent":0,"menu_order":0,"comment_status":"closed","ping_status":"closed","template":"","meta":{"footnotes":""},"class_list":["post-725","page","type-page","status-publish","hentry"],"_links":{"self":[{"href":"https:\/\/hordnesvel.no\/wordpress\/index.php?rest_route=\/wp\/v2\/pages\/725","targetHints":{"allow":["GET"]}}],"collection":[{"href":"https:\/\/hordnesvel.no\/wordpress\/index.php?rest_route=\/wp\/v2\/pages"}],"about":[{"href":"https:\/\/hordnesvel.no\/wordpress\/index.php?rest_route=\/wp\/v2\/types\/page"}],"author":[{"embeddable":true,"href":"https:\/\/hordnesvel.no\/wordpress\/index.php?rest_route=\/wp\/v2\/users\/9"}],"replies":[{"embeddable":true,"href":"https:\/\/hordnesvel.no\/wordpress\/index.php?rest_route=%2Fwp%2Fv2%2Fcomments&post=725"}],"version-history":[{"count":3,"href":"https:\/\/hordnesvel.no\/wordpress\/index.php?rest_route=\/wp\/v2\/pages\/725\/revisions"}],"predecessor-version":[{"id":763,"href":"https:\/\/hordnesvel.no\/wordpress\/index.php?rest_route=\/wp\/v2\/pages\/725\/revisions\/763"}],"wp:attachment":[{"href":"https:\/\/hordnesvel.no\/wordpress\/index.php?rest_route=%2Fwp%2Fv2%2Fmedia&parent=725"}],"curies":[{"name":"wp","href":"https:\/\/api.w.org\/{rel}","templated":true}]}}