{"id":670,"date":"2025-03-03T14:01:02","date_gmt":"2025-03-03T13:01:02","guid":{"rendered":"http:\/\/hordnesvel.no\/wordpress\/?page_id=670"},"modified":"2026-02-08T13:45:01","modified_gmt":"2026-02-08T12:45:01","slug":"arsmote","status":"publish","type":"page","link":"https:\/\/hordnesvel.no\/wordpress\/?page_id=670","title":{"rendered":"\u00c5rsm\u00f8te"},"content":{"rendered":"\n<p><\/p>\n\n\n\n<p class=\"is-style-text-subtitle is-style-text-subtitle--1\" id=\"block-eb627451-8fad-418a-99cb-56f9c6672ec5\"><strong>9.04.2026 Klokken 19.00 Skinfloren (Hordnesskogen)<\/strong><\/p>\n\n\n\n<h1 class=\"wp-block-heading is-style-text-subtitle is-style-text-subtitle--2\"><strong>Saksliste:<\/strong><\/h1>\n\n\n\n<ol class=\"wp-block-list\">\n<li>Konstituering av \u00e5rsm\u00f8tet\n<ul class=\"wp-block-list\">\n<li>Godkjenning av m\u00f8teleder<\/li>\n\n\n\n<li>Valg av referent<\/li>\n\n\n\n<li>Valg av 2 personer til \u00e5 signere protokoll<\/li>\n\n\n\n<li>Godkjenning av innkalling<\/li>\n\n\n\n<li>Godkjenning av saksliste<\/li>\n<\/ul>\n<\/li>\n\n\n\n<li>\u00c5rsmelding for siste periode<\/li>\n\n\n\n<li>Regnskap siste periode. Legges frem p\u00e5 \u00e5rsm\u00f8te<\/li>\n\n\n\n<li>Vedtektsendringer<\/li>\n\n\n\n<li>Kontingent<\/li>\n\n\n\n<li>Innkomne saker\n<ul class=\"wp-block-list\">\n<li>Ingen saker mottatt<\/li>\n<\/ul>\n<\/li>\n\n\n\n<li>Budsjett neste periode. Legges frem p\u00e5 \u00e5rsm\u00f8te<\/li>\n\n\n\n<li>Valg\n<ul class=\"wp-block-list\">\n<li>2 nye styremedlemmer (2026-2028)<\/li>\n<\/ul>\n<\/li>\n<\/ol>\n\n\n\n<div class=\"wp-block-group is-style-default is-vertical is-layout-flex wp-container-core-group-is-layout-fe9cc265 wp-block-group-is-layout-flex\">\n<p id=\"block-892376fc-824e-4ebb-9274-090d03214dc2\">Etter m\u00f8tet vil det bli servert pizza til de framm\u00f8tte. Det vil ogs\u00e5 bli informert om arbeidet med 50-\u00e5rsjubileet som er i 2027 pluss andre saker som er p\u00e5 gang.<\/p>\n<\/div>\n\n\n\n<p><\/p>\n","protected":false},"excerpt":{"rendered":"<p>9.04.2026 Klokken 19.00 Skinfloren (Hordnesskogen) Saksliste: Etter m\u00f8tet vil det bli servert pizza til de framm\u00f8tte. Det vil ogs\u00e5 bli informert om arbeidet med 50-\u00e5rsjubileet som er i 2027 pluss andre saker som er p\u00e5 gang.<\/p>\n","protected":false},"author":10,"featured_media":0,"parent":0,"menu_order":0,"comment_status":"closed","ping_status":"closed","template":"","meta":{"footnotes":""},"class_list":["post-670","page","type-page","status-publish","hentry"],"_links":{"self":[{"href":"https:\/\/hordnesvel.no\/wordpress\/index.php?rest_route=\/wp\/v2\/pages\/670","targetHints":{"allow":["GET"]}}],"collection":[{"href":"https:\/\/hordnesvel.no\/wordpress\/index.php?rest_route=\/wp\/v2\/pages"}],"about":[{"href":"https:\/\/hordnesvel.no\/wordpress\/index.php?rest_route=\/wp\/v2\/types\/page"}],"author":[{"embeddable":true,"href":"https:\/\/hordnesvel.no\/wordpress\/index.php?rest_route=\/wp\/v2\/users\/10"}],"replies":[{"embeddable":true,"href":"https:\/\/hordnesvel.no\/wordpress\/index.php?rest_route=%2Fwp%2Fv2%2Fcomments&post=670"}],"version-history":[{"count":9,"href":"https:\/\/hordnesvel.no\/wordpress\/index.php?rest_route=\/wp\/v2\/pages\/670\/revisions"}],"predecessor-version":[{"id":754,"href":"https:\/\/hordnesvel.no\/wordpress\/index.php?rest_route=\/wp\/v2\/pages\/670\/revisions\/754"}],"wp:attachment":[{"href":"https:\/\/hordnesvel.no\/wordpress\/index.php?rest_route=%2Fwp%2Fv2%2Fmedia&parent=670"}],"curies":[{"name":"wp","href":"https:\/\/api.w.org\/{rel}","templated":true}]}}