{"id":654,"date":"2025-03-03T12:50:01","date_gmt":"2025-03-03T11:50:01","guid":{"rendered":"http:\/\/hordnesvel.no\/wordpress\/?page_id=654"},"modified":"2025-04-07T20:36:06","modified_gmt":"2025-04-07T19:36:06","slug":"saker","status":"publish","type":"page","link":"https:\/\/hordnesvel.no\/wordpress\/?page_id=654","title":{"rendered":"Saker"},"content":{"rendered":"\n<p><a><\/a><a>Saker som Hordnes Vel har engasjert seg i seinere \u00e5r:<\/a><\/p>\n\n\n\n<h3 class=\"wp-block-heading\"><a>Lekeplass og ballbinge<\/a><\/h3>\n\n\n\n<p>I 2024 Ballbingen oppgradert. Tusen takk til N\u00f8dtvedt Marina og Byggmester God\u00f8y for \u00f8konomisk st\u00f8tte.&nbsp;<\/p>\n\n\n\n<h3 class=\"wp-block-heading\"><a>Oppgradering av Hordnesvegen<\/a><\/h3>\n\n\n\n<p>I 2022 ble det utarbeidet en statusrapport som viste at Hordnesveien var i d\u00e5rlig forfatning og styret sendte skriv til Fylkeskommunen med anmodning om utbedring av vegen. Anmodningen ble etterkommet og det ble gjort utbedringer og asfaltert.<\/p>\n\n\n\n<h3 class=\"wp-block-heading\"><a>Steinbekken<\/a><\/h3>\n\n\n\n<p>Det er gjennomf\u00f8rt dugnader for \u00e5 etablere gyteplasser flere steder i bekken. Fisk og gyting har blitt observert i bekken. Hordnes Vel ser p\u00e5 dette arbeidet som viktig og har st\u00f8ttet tiltaket \u00f8konomisk.\u00a0<\/p>\n\n\n\n<h3 class=\"wp-block-heading\"><a>Andre saker:<\/a><\/h3>\n\n\n\n<p>Hordnes Vel har ogs\u00e5 engasjert seg i andre saker som steindeponiet og kampen mot godsterminal i skogen.<\/p>\n\n\n\n<p><\/p>\n","protected":false},"excerpt":{"rendered":"<p>Saker som Hordnes Vel har engasjert seg i seinere \u00e5r: Lekeplass og ballbinge I 2024 Ballbingen oppgradert. Tusen takk til N\u00f8dtvedt Marina og Byggmester God\u00f8y for \u00f8konomisk st\u00f8tte.&nbsp; Oppgradering av Hordnesvegen I 2022 ble det utarbeidet en statusrapport som viste at Hordnesveien var i d\u00e5rlig forfatning og styret sendte skriv til Fylkeskommunen med anmodning om [&hellip;]<\/p>\n","protected":false},"author":10,"featured_media":0,"parent":0,"menu_order":0,"comment_status":"closed","ping_status":"closed","template":"","meta":{"footnotes":""},"class_list":["post-654","page","type-page","status-publish","hentry"],"_links":{"self":[{"href":"https:\/\/hordnesvel.no\/wordpress\/index.php?rest_route=\/wp\/v2\/pages\/654","targetHints":{"allow":["GET"]}}],"collection":[{"href":"https:\/\/hordnesvel.no\/wordpress\/index.php?rest_route=\/wp\/v2\/pages"}],"about":[{"href":"https:\/\/hordnesvel.no\/wordpress\/index.php?rest_route=\/wp\/v2\/types\/page"}],"author":[{"embeddable":true,"href":"https:\/\/hordnesvel.no\/wordpress\/index.php?rest_route=\/wp\/v2\/users\/10"}],"replies":[{"embeddable":true,"href":"https:\/\/hordnesvel.no\/wordpress\/index.php?rest_route=%2Fwp%2Fv2%2Fcomments&post=654"}],"version-history":[{"count":4,"href":"https:\/\/hordnesvel.no\/wordpress\/index.php?rest_route=\/wp\/v2\/pages\/654\/revisions"}],"predecessor-version":[{"id":735,"href":"https:\/\/hordnesvel.no\/wordpress\/index.php?rest_route=\/wp\/v2\/pages\/654\/revisions\/735"}],"wp:attachment":[{"href":"https:\/\/hordnesvel.no\/wordpress\/index.php?rest_route=%2Fwp%2Fv2%2Fmedia&parent=654"}],"curies":[{"name":"wp","href":"https:\/\/api.w.org\/{rel}","templated":true}]}}