{"id":651,"date":"2025-03-03T12:48:15","date_gmt":"2025-03-03T11:48:15","guid":{"rendered":"http:\/\/hordnesvel.no\/wordpress\/?page_id=651"},"modified":"2025-04-08T10:24:11","modified_gmt":"2025-04-08T09:24:11","slug":"aktiviteter","status":"publish","type":"page","link":"https:\/\/hordnesvel.no\/wordpress\/?page_id=651","title":{"rendered":"Aktiviteter"},"content":{"rendered":"\n<p><a>Aktiviteter \u00e5ret rundt i regi av Hordnes Vel:<\/a><\/p>\n\n\n\n<p>Hordnes Vel jobber for \u00e5 styrke samholdet i bygden v\u00e5r gjennom arrangementer og aktiviteter for store og sm\u00e5. Vi \u00f8nsker \u00e5 skape trygge, sosiale og inkluderende m\u00f8teplasser der alle kan delta. Her er noen av aktivitetene vi har arrangert:<\/p>\n\n\n\n<h3 class=\"wp-block-heading\"><a>St. Hans-feiringer<\/a><\/h3>\n\n\n\n<p>Hordnesbeboere samles for \u00e5 feire midtsommer med b\u00e5l, grilling og sosialt samv\u00e6r ved sj\u00f8en. En flott tradisjon for hele familien!<\/p>\n\n\n\n<h3 class=\"wp-block-heading\"><a>H\u00f8stfester<\/a><\/h3>\n\n\n\n<p>En \u00e5rlig suksess hvor de voksne deltakerne tar med egen mat og deler en hyggelig kveld sammen.&nbsp;<\/p>\n\n\n\n<h3 class=\"wp-block-heading\"><a>Julefester<\/a><\/h3>\n\n\n\n<p>Det er ogs\u00e5 tradisjon med julefester p\u00e5 Hordnes. Mange barn (og voksne) ser fram til slike arrangement.<\/p>\n\n\n\n<h2 class=\"wp-block-heading\"><a>Andre aktiviteter p\u00e5 Hordnes<\/a><\/h2>\n\n\n\n<p>Det foreg\u00e5r mye annet ogs\u00e5 p\u00e5 Hordnes som beboere tar initiativ til. blant annet Boccia, volleyball og ikke minst pensjonisttreff.<\/p>\n\n\n\n<h2 class=\"wp-block-heading\"><a>Vil du v\u00e6re med?<\/a><\/h2>\n\n\n\n<p>Ta kontakt med oss eller bli medlem i <a href=\"post@hordnesvel.no\" data-type=\"link\" data-id=\"post@hordnesvel.no\">Hordnes Vel<\/a> for \u00e5 bidra til fellesskapet v\u00e5rt!<\/p>\n\n\n\n<p><\/p>\n\n\n\n<hr class=\"wp-block-separator has-alpha-channel-opacity\"\/>\n\n\n\n<p><\/p>\n\n\n\n<p><\/p>\n","protected":false},"excerpt":{"rendered":"<p>Aktiviteter \u00e5ret rundt i regi av Hordnes Vel: Hordnes Vel jobber for \u00e5 styrke samholdet i bygden v\u00e5r gjennom arrangementer og aktiviteter for store og sm\u00e5. Vi \u00f8nsker \u00e5 skape trygge, sosiale og inkluderende m\u00f8teplasser der alle kan delta. Her er noen av aktivitetene vi har arrangert: St. Hans-feiringer Hordnesbeboere samles for \u00e5 feire midtsommer [&hellip;]<\/p>\n","protected":false},"author":10,"featured_media":0,"parent":0,"menu_order":0,"comment_status":"closed","ping_status":"closed","template":"","meta":{"footnotes":""},"class_list":["post-651","page","type-page","status-publish","hentry"],"_links":{"self":[{"href":"https:\/\/hordnesvel.no\/wordpress\/index.php?rest_route=\/wp\/v2\/pages\/651","targetHints":{"allow":["GET"]}}],"collection":[{"href":"https:\/\/hordnesvel.no\/wordpress\/index.php?rest_route=\/wp\/v2\/pages"}],"about":[{"href":"https:\/\/hordnesvel.no\/wordpress\/index.php?rest_route=\/wp\/v2\/types\/page"}],"author":[{"embeddable":true,"href":"https:\/\/hordnesvel.no\/wordpress\/index.php?rest_route=\/wp\/v2\/users\/10"}],"replies":[{"embeddable":true,"href":"https:\/\/hordnesvel.no\/wordpress\/index.php?rest_route=%2Fwp%2Fv2%2Fcomments&post=651"}],"version-history":[{"count":6,"href":"https:\/\/hordnesvel.no\/wordpress\/index.php?rest_route=\/wp\/v2\/pages\/651\/revisions"}],"predecessor-version":[{"id":721,"href":"https:\/\/hordnesvel.no\/wordpress\/index.php?rest_route=\/wp\/v2\/pages\/651\/revisions\/721"}],"wp:attachment":[{"href":"https:\/\/hordnesvel.no\/wordpress\/index.php?rest_route=%2Fwp%2Fv2%2Fmedia&parent=651"}],"curies":[{"name":"wp","href":"https:\/\/api.w.org\/{rel}","templated":true}]}}