{"id":648,"date":"2025-03-03T12:46:45","date_gmt":"2025-03-03T11:46:45","guid":{"rendered":"http:\/\/hordnesvel.no\/wordpress\/?page_id=648"},"modified":"2026-02-09T16:41:00","modified_gmt":"2026-02-09T15:41:00","slug":"resurser","status":"publish","type":"page","link":"https:\/\/hordnesvel.no\/wordpress\/?page_id=648","title":{"rendered":"Ressurser"},"content":{"rendered":"\n<p><a>Ressurser som Hordnes Vel forvalter:<\/a><\/p>\n\n\n\n<p>Hordnes vel har telt, benker, bord og griller til utleie for medlemmer. Ikke medlemmer kan leie om ledig.\u00a0 Utleie er begrenset til Hordnesbeboere. Om tidligere Hordnesbeboere \u00f8nsker \u00e5 leie noe av utstyret m\u00e5 dette avtales spesielt med utleie ansvarlig.<\/p>\n\n\n\n<h3 class=\"wp-block-heading\"><strong><span style=\"text-decoration: underline;\">F\u00f8lgende utstyr kan leies:<\/span><\/strong><\/h3>\n\n\n\n<p class=\"is-style-default\">Lite telt (3 x 6 meter):<\/p>\n\n\n\n<ul class=\"wp-block-list\">\n<li>Medlem: 200,-<\/li>\n\n\n\n<li>Ikke medlem: 400,-<\/li>\n<\/ul>\n\n\n\n<p>Stort telt, nytt i 2025 (6 x 12 meter):<\/p>\n\n\n\n<ul class=\"wp-block-list\">\n<li>Medlem: 2000,-<\/li>\n\n\n\n<li>Ikke medlem: 4000,-<\/li>\n<\/ul>\n\n\n\n<p>Benker (2,18 x 0,25 m). Foreningen har 10 stk.:<\/p>\n\n\n\n<ul class=\"wp-block-list\">\n<li>Medlem (per benk): 10,-<\/li>\n\n\n\n<li>Ikke medlem (per benk): 20,-<\/li>\n<\/ul>\n\n\n\n<p>Bord (2,18 x x0,7 m). Foreningen har 5 stk.:<\/p>\n\n\n\n<ul class=\"wp-block-list\">\n<li>Medlem (per bord): 10,-<\/li>\n\n\n\n<li>Ikke medlem (per bord): 20,-<\/li>\n<\/ul>\n\n\n\n<p>Griller (1,2 x 0,6 m). Foreningen har 2 stk.:<\/p>\n\n\n\n<ul class=\"wp-block-list\">\n<li>Medlem (per grill): 100,-<\/li>\n\n\n\n<li>Ikke medlem (per grill): 100,-<\/li>\n<\/ul>\n\n\n\n<p>Alle priser er per d\u00f8gn.<\/p>\n\n\n\n<p>Kontakt:&nbsp;<a href=\"mailto:post@hordnesvel.no\">post@hordnesvel.no<\/a><\/p>\n\n\n\n<h3 class=\"wp-block-heading\"><a><strong>Fane for Hordnes Vel<\/strong><\/a><\/h3>\n\n\n\n<p>Flott fane til bruk i 17-mai tog og ved andre markeringer. Kontakt styret for l\u00e5n av denne.<\/p>\n\n\n\n<figure class=\"wp-block-image size-full is-resized\"><a href=\"https:\/\/hordnesvel.no\/wordpress\/wp-content\/uploads\/Fanen.jpg\"><img loading=\"lazy\" decoding=\"async\" width=\"704\" height=\"960\" src=\"https:\/\/hordnesvel.no\/wordpress\/wp-content\/uploads\/Fanen.jpg\" alt=\"\" class=\"wp-image-692\" style=\"width:194px;height:auto\" srcset=\"https:\/\/hordnesvel.no\/wordpress\/wp-content\/uploads\/Fanen.jpg 704w, https:\/\/hordnesvel.no\/wordpress\/wp-content\/uploads\/Fanen-220x300.jpg 220w\" sizes=\"auto, (max-width: 704px) 100vw, 704px\" \/><\/a><\/figure>\n\n\n\n<h3 class=\"wp-block-heading\"><a><strong>Lekeplass og ballbinge<\/strong><\/a><\/h3>\n\n\n\n<ul class=\"wp-block-list\">\n<li>Hordnes Vel er eier og er ansvarlig for vedlikehold av lekeplassen og ballbingen.<\/li>\n\n\n\n<li>Ballbingen er til fri benyttelse for b\u00e5de voksne og barn.<\/li>\n<\/ul>\n\n\n\n<p>Det er investert mye penger i utstyr og tilrettelagt for at b\u00e5de store og sm\u00e5 skal trives. Det er ogs\u00e5 bygget \u00abgapahuk\u00bb med benker og bord. Oppgradering og vedlikehold skjer ved dugnad. Alle brukere bes om \u00e5 ta godt vare p\u00e5 b\u00e5de lekeapparater og ballbinge ved bruk slik at det blir et trivelig sted \u00e5 v\u00e6re for alle.<\/p>\n\n\n\n<h3 class=\"wp-block-heading\"><\/h3>\n","protected":false},"excerpt":{"rendered":"<p>Ressurser som Hordnes Vel forvalter: Hordnes vel har telt, benker, bord og griller til utleie for medlemmer. Ikke medlemmer kan leie om ledig.\u00a0 Utleie er begrenset til Hordnesbeboere. Om tidligere Hordnesbeboere \u00f8nsker \u00e5 leie noe av utstyret m\u00e5 dette avtales spesielt med utleie ansvarlig. F\u00f8lgende utstyr kan leies: Lite telt (3 x 6 meter): Stort [&hellip;]<\/p>\n","protected":false},"author":10,"featured_media":696,"parent":0,"menu_order":0,"comment_status":"closed","ping_status":"closed","template":"","meta":{"footnotes":""},"class_list":["post-648","page","type-page","status-publish","has-post-thumbnail","hentry"],"_links":{"self":[{"href":"https:\/\/hordnesvel.no\/wordpress\/index.php?rest_route=\/wp\/v2\/pages\/648","targetHints":{"allow":["GET"]}}],"collection":[{"href":"https:\/\/hordnesvel.no\/wordpress\/index.php?rest_route=\/wp\/v2\/pages"}],"about":[{"href":"https:\/\/hordnesvel.no\/wordpress\/index.php?rest_route=\/wp\/v2\/types\/page"}],"author":[{"embeddable":true,"href":"https:\/\/hordnesvel.no\/wordpress\/index.php?rest_route=\/wp\/v2\/users\/10"}],"replies":[{"embeddable":true,"href":"https:\/\/hordnesvel.no\/wordpress\/index.php?rest_route=%2Fwp%2Fv2%2Fcomments&post=648"}],"version-history":[{"count":10,"href":"https:\/\/hordnesvel.no\/wordpress\/index.php?rest_route=\/wp\/v2\/pages\/648\/revisions"}],"predecessor-version":[{"id":759,"href":"https:\/\/hordnesvel.no\/wordpress\/index.php?rest_route=\/wp\/v2\/pages\/648\/revisions\/759"}],"wp:featuredmedia":[{"embeddable":true,"href":"https:\/\/hordnesvel.no\/wordpress\/index.php?rest_route=\/wp\/v2\/media\/696"}],"wp:attachment":[{"href":"https:\/\/hordnesvel.no\/wordpress\/index.php?rest_route=%2Fwp%2Fv2%2Fmedia&parent=648"}],"curies":[{"name":"wp","href":"https:\/\/api.w.org\/{rel}","templated":true}]}}