{"id":644,"date":"2025-03-03T12:40:10","date_gmt":"2025-03-03T11:40:10","guid":{"rendered":"http:\/\/hordnesvel.no\/wordpress\/?page_id=644"},"modified":"2025-07-21T20:24:10","modified_gmt":"2025-07-21T19:24:10","slug":"om-oss","status":"publish","type":"page","link":"https:\/\/hordnesvel.no\/wordpress\/?page_id=644","title":{"rendered":"Styret"},"content":{"rendered":"\n<h2 class=\"wp-block-heading\"><a>Styret i Hordnes Vel:<\/a><\/h2>\n\n\n\n<p>For perioden 2025 til 2026 best\u00e5r styret av:<\/p>\n\n\n\n<p><strong>J\u00f8rgen Titlestad<\/strong> <\/p>\n\n\n\n<div class=\"wp-block-group is-vertical is-layout-flex wp-container-core-group-is-layout-fe9cc265 wp-block-group-is-layout-flex\">\n<p>Styreleder <\/p>\n\n\n\n<p>2025-2026<\/p>\n<\/div>\n\n\n\n<p><strong>Kari Botnedal\u00a0<\/strong><\/p>\n\n\n\n<p>Nestleder<\/p>\n\n\n\n<p>2025-2027<\/p>\n\n\n\n<p><strong>Bj\u00f8rn Audun Vassenden<\/strong>&nbsp;&nbsp;<\/p>\n\n\n\n<p>Sekret\u00e6r og dugnad&nbsp; <\/p>\n\n\n\n<p>2024-2026<\/p>\n\n\n\n<p><strong>Anne Grethe Lauv\u00e5s<\/strong> <\/p>\n\n\n\n<p>Utl\u00e5n av ressurser <\/p>\n\n\n\n<p>2024-2026<\/p>\n\n\n\n<h3 class=\"wp-block-heading\"><strong>Charlotte N\u00f8dtvedt<\/strong>\u00a0<\/h3>\n\n\n\n<p>Aktivitetskomite&nbsp; <\/p>\n\n\n\n<p>2025-2025\u00a0<\/p>\n\n\n\n<p><\/p>\n","protected":false},"excerpt":{"rendered":"<p>Styret i Hordnes Vel: For perioden 2025 til 2026 best\u00e5r styret av: J\u00f8rgen Titlestad Styreleder 2025-2026 Kari Botnedal\u00a0 Nestleder 2025-2027 Bj\u00f8rn Audun Vassenden&nbsp;&nbsp; Sekret\u00e6r og dugnad&nbsp; 2024-2026 Anne Grethe Lauv\u00e5s Utl\u00e5n av ressurser 2024-2026 Charlotte N\u00f8dtvedt\u00a0 Aktivitetskomite&nbsp; 2025-2025\u00a0<\/p>\n","protected":false},"author":10,"featured_media":0,"parent":0,"menu_order":0,"comment_status":"closed","ping_status":"closed","template":"","meta":{"footnotes":""},"class_list":["post-644","page","type-page","status-publish","hentry"],"_links":{"self":[{"href":"https:\/\/hordnesvel.no\/wordpress\/index.php?rest_route=\/wp\/v2\/pages\/644","targetHints":{"allow":["GET"]}}],"collection":[{"href":"https:\/\/hordnesvel.no\/wordpress\/index.php?rest_route=\/wp\/v2\/pages"}],"about":[{"href":"https:\/\/hordnesvel.no\/wordpress\/index.php?rest_route=\/wp\/v2\/types\/page"}],"author":[{"embeddable":true,"href":"https:\/\/hordnesvel.no\/wordpress\/index.php?rest_route=\/wp\/v2\/users\/10"}],"replies":[{"embeddable":true,"href":"https:\/\/hordnesvel.no\/wordpress\/index.php?rest_route=%2Fwp%2Fv2%2Fcomments&post=644"}],"version-history":[{"count":13,"href":"https:\/\/hordnesvel.no\/wordpress\/index.php?rest_route=\/wp\/v2\/pages\/644\/revisions"}],"predecessor-version":[{"id":751,"href":"https:\/\/hordnesvel.no\/wordpress\/index.php?rest_route=\/wp\/v2\/pages\/644\/revisions\/751"}],"wp:attachment":[{"href":"https:\/\/hordnesvel.no\/wordpress\/index.php?rest_route=%2Fwp%2Fv2%2Fmedia&parent=644"}],"curies":[{"name":"wp","href":"https:\/\/api.w.org\/{rel}","templated":true}]}}