{"id":58,"date":"2011-09-29T18:14:27","date_gmt":"2011-09-29T16:14:27","guid":{"rendered":"http:\/\/hordnesvel.no\/wordpress\/?page_id=58"},"modified":"2026-02-15T09:56:27","modified_gmt":"2026-02-15T08:56:27","slug":"hordnes-vel","status":"publish","type":"page","link":"https:\/\/hordnesvel.no\/wordpress\/","title":{"rendered":"Hordnes Vel"},"content":{"rendered":"<p style=\"text-align: left;\"><a href=\"https:\/\/hordnesvel.no\/wordpress\/wp-content\/uploads\/Uten-navn.png\"><img loading=\"lazy\" decoding=\"async\" class=\"alignnone wp-image-760 size-full\" src=\"https:\/\/hordnesvel.no\/wordpress\/wp-content\/uploads\/Uten-navn.png\" alt=\"\" width=\"225\" height=\"300\" \/><\/a><\/p>\n<p style=\"text-align: left;\"><strong><a href=\"https:\/\/hordnesvel.no\/wordpress\/?page_id=670\">Velkommen til \u00e5rsm\u00f8te 9\/4-2026<\/a><\/strong><\/p>\n<p style=\"text-align: left;\">&#8212;&#8212;&#8212;&#8212;&#8212;&#8212;<\/p>\n<p style=\"font-weight: 400; text-align: left;\"><strong>Velkommen til Hordnes Vel sin nettside<\/strong><\/p>\n<p style=\"font-weight: 400; text-align: left;\">Vi jobber for at Hordnes skal v\u00e6re et trygt og godt sted \u00e5 bo. V\u00e5r forening ble stiftet i 1977. Vi har opp gjennom \u00e5rene engasjert oss i viktige saker for \u00e5 bevare v\u00e5rt n\u00e6rmilj\u00f8 og trygge v\u00e5re beboere, gammel som ung. V\u00e5r velforening har flere arrangement hvert \u00e5r. Vil du vite mer om det finner s\u00e5 klikk <a href=\"https:\/\/hordnesvel.no\/wordpress\/?page_id=651\">her<\/a>.<\/p>\n<p style=\"font-weight: 400; text-align: left;\">Omringet av sj\u00f8 og skog ligger Hordnes fint til p\u00e5 nordsiden av den solrike Fanafjorden.<\/p>\n<p style=\"font-weight: 400; text-align: left;\"><span style=\"text-decoration: underline;\">V\u00e5r form\u00e5lsparagraf:<\/span><\/p>\n<p style=\"font-weight: 400; text-align: left;\">Foreningens form\u00e5l er \u00e5 gj\u00f8re Hordnes til et trivelig sted for de som er bosatt der, ved \u00e5 ivareta medlemmenes fellesinteresser og \u00e5 arbeide for \u00e5 bevare et godt milj\u00f8. Foreningen m\u00e5 v\u00e6re partipolitisk n\u00f8ytral.<\/p>\n<p style=\"font-weight: 400; text-align: left;\">Organisasjonsnummer: <a href=\"https:\/\/w2.brreg.no\/enhet\/sok\/detalj.jsp?orgnr=997385179\">997385179<\/a><\/p>\n<address style=\"text-align: center;\"><em>\u00a0<\/em><\/address>\n","protected":false},"excerpt":{"rendered":"<p>Velkommen til \u00e5rsm\u00f8te 9\/4-2026 &#8212;&#8212;&#8212;&#8212;&#8212;&#8212; Velkommen til Hordnes Vel sin nettside Vi jobber for at Hordnes skal v\u00e6re et trygt og godt sted \u00e5 bo. V\u00e5r forening ble stiftet i 1977. Vi har opp gjennom \u00e5rene engasjert oss i viktige saker for \u00e5 bevare v\u00e5rt n\u00e6rmilj\u00f8 og trygge v\u00e5re beboere, gammel som ung. V\u00e5r velforening [&hellip;]<\/p>\n","protected":false},"author":9,"featured_media":0,"parent":0,"menu_order":1,"comment_status":"closed","ping_status":"closed","template":"","meta":{"footnotes":""},"class_list":["post-58","page","type-page","status-publish","hentry"],"_links":{"self":[{"href":"https:\/\/hordnesvel.no\/wordpress\/index.php?rest_route=\/wp\/v2\/pages\/58","targetHints":{"allow":["GET"]}}],"collection":[{"href":"https:\/\/hordnesvel.no\/wordpress\/index.php?rest_route=\/wp\/v2\/pages"}],"about":[{"href":"https:\/\/hordnesvel.no\/wordpress\/index.php?rest_route=\/wp\/v2\/types\/page"}],"author":[{"embeddable":true,"href":"https:\/\/hordnesvel.no\/wordpress\/index.php?rest_route=\/wp\/v2\/users\/9"}],"replies":[{"embeddable":true,"href":"https:\/\/hordnesvel.no\/wordpress\/index.php?rest_route=%2Fwp%2Fv2%2Fcomments&post=58"}],"version-history":[{"count":118,"href":"https:\/\/hordnesvel.no\/wordpress\/index.php?rest_route=\/wp\/v2\/pages\/58\/revisions"}],"predecessor-version":[{"id":761,"href":"https:\/\/hordnesvel.no\/wordpress\/index.php?rest_route=\/wp\/v2\/pages\/58\/revisions\/761"}],"wp:attachment":[{"href":"https:\/\/hordnesvel.no\/wordpress\/index.php?rest_route=%2Fwp%2Fv2%2Fmedia&parent=58"}],"curies":[{"name":"wp","href":"https:\/\/api.w.org\/{rel}","templated":true}]}}